{"id":230,"date":"2025-08-13T13:14:24","date_gmt":"2025-08-13T13:14:24","guid":{"rendered":"https:\/\/stsupplies.nl\/?page_id=230"},"modified":"2026-04-07T08:18:12","modified_gmt":"2026-04-07T08:18:12","slug":"maintenance-deep-cleaning","status":"publish","type":"page","link":"https:\/\/stsupplies.nl\/de\/products\/maintenance-deep-cleaning\/","title":{"rendered":"Wartung &amp; Tiefe Reinigung"},"content":{"rendered":"<div data-elementor-type=\"wp-page\" data-elementor-id=\"230\" class=\"elementor elementor-230\" data-elementor-post-type=\"page\">\n\t\t\t\t<div class=\"elementor-element elementor-element-a248077 e-flex e-con-boxed e-con e-parent\" data-id=\"a248077\" data-element_type=\"container\" data-e-type=\"container\">\n\t\t\t\t\t<div class=\"e-con-inner\">\n\t\t\t\t<div class=\"elementor-element elementor-element-cc3a12b elementor-hidden-mobile elementor-widget elementor-widget-spacer\" data-id=\"cc3a12b\" data-element_type=\"widget\" data-e-type=\"widget\" data-widget_type=\"spacer.default\">\n\t\t\t\t<div class=\"elementor-widget-container\">\n\t\t\t\t\t\t\t<div class=\"elementor-spacer\">\n\t\t\t<div class=\"elementor-spacer-inner\"><\/div>\n\t\t<\/div>\n\t\t\t\t\t\t<\/div>\n\t\t\t\t<\/div>\n\t\t\t\t\t<\/div>\n\t\t\t\t<\/div>\n\t\t<div class=\"elementor-element elementor-element-771b141 e-grid e-con-boxed e-con e-parent\" data-id=\"771b141\" data-element_type=\"container\" data-e-type=\"container\">\n\t\t\t\t\t<div class=\"e-con-inner\">\n\t\t<div class=\"elementor-element elementor-element-138e774 e-con-full e-flex e-con e-child\" data-id=\"138e774\" data-element_type=\"container\" data-e-type=\"container\">\n\t\t<div class=\"elementor-element elementor-element-27d6eea e-grid e-con-full e-con e-child\" data-id=\"27d6eea\" data-element_type=\"container\" data-e-type=\"container\">\n\t\t<div class=\"elementor-element elementor-element-e1fc397 e-grid e-con-full e-con e-child\" data-id=\"e1fc397\" data-element_type=\"container\" data-e-type=\"container\">\n\t\t<div class=\"elementor-element elementor-element-91a02c6 e-con-full e-flex e-con e-child\" data-id=\"91a02c6\" data-element_type=\"container\" data-e-type=\"container\" data-settings=\"{&quot;background_background&quot;:&quot;classic&quot;}\">\n\t\t\t\t<div class=\"elementor-element elementor-element-eca25f6 elementor-widget elementor-widget-heading\" data-id=\"eca25f6\" data-element_type=\"widget\" data-e-type=\"widget\" data-widget_type=\"heading.default\">\n\t\t\t\t<div class=\"elementor-widget-container\">\n\t\t\t\t\t<div class=\"elementor-heading-title elementor-size-default\">Bevor<\/div>\t\t\t\t<\/div>\n\t\t\t\t<\/div>\n\t\t\t\t<\/div>\n\t\t<div class=\"elementor-element elementor-element-a8392ed e-con-full e-flex e-con e-child\" data-id=\"a8392ed\" data-element_type=\"container\" data-e-type=\"container\" data-settings=\"{&quot;background_background&quot;:&quot;classic&quot;}\">\n\t\t\t\t<div class=\"elementor-element elementor-element-fb9461b elementor-widget elementor-widget-heading\" data-id=\"fb9461b\" data-element_type=\"widget\" data-e-type=\"widget\" data-widget_type=\"heading.default\">\n\t\t\t\t<div class=\"elementor-widget-container\">\n\t\t\t\t\t<div class=\"elementor-heading-title elementor-size-default\">Nach<\/div>\t\t\t\t<\/div>\n\t\t\t\t<\/div>\n\t\t\t\t<\/div>\n\t\t\t\t<\/div>\n\t\t<div class=\"elementor-element elementor-element-0b207ae e-con-full e-flex e-con e-child\" data-id=\"0b207ae\" data-element_type=\"container\" data-e-type=\"container\" data-settings=\"{&quot;background_background&quot;:&quot;classic&quot;}\">\n\t\t\t\t<\/div>\n\t\t\t\t<\/div>\n\t\t\t\t<\/div>\n\t\t<div class=\"elementor-element elementor-element-4a2f792 e-con-full e-flex e-con e-child\" data-id=\"4a2f792\" data-element_type=\"container\" data-e-type=\"container\">\n\t\t\t\t<div class=\"elementor-element elementor-element-5690ece elementor-widget elementor-widget-heading\" data-id=\"5690ece\" data-element_type=\"widget\" data-e-type=\"widget\" data-widget_type=\"heading.default\">\n\t\t\t\t<div class=\"elementor-widget-container\">\n\t\t\t\t\t<h1 class=\"elementor-heading-title elementor-size-default\">Wartung<\/h1>\t\t\t\t<\/div>\n\t\t\t\t<\/div>\n\t\t\t\t<div class=\"elementor-element elementor-element-7ea78bd elementor-widget elementor-widget-text-editor\" data-id=\"7ea78bd\" data-element_type=\"widget\" data-e-type=\"widget\" data-widget_type=\"text-editor.default\">\n\t\t\t\t<div class=\"elementor-widget-container\">\n\t\t\t\t\t\t\t\t\t<p><span style=\"font-weight: 400;\"><strong>Wartung \u2013 Galley- und Trolley-Reparaturen<\/strong> <br \/><\/span>Professionelle Wartung verl\u00e4ngert die Lebensdauer von Trolleys und Containern \u2013 vollst\u00e4ndig OEM-konform. Von kleinen Reparaturen bis zur Komplett\u00fcberholung: zuverl\u00e4ssig, effizient und mit klarer Logistik.<\/p><p><span style=\"font-weight: 400;\"><strong>Tiefereinigung<\/strong> <br \/>F\u00fcr Container, Oven Inserts und Skids \u2013 OEM-konform, zuverl\u00e4ssig, ohne aggressive Chemikalien \u2013 f\u00fcr sauberes Equipment und l\u00e4ngere Nutzungsdauer.<\/span><\/p><p><b>Was wir tun<\/b><\/p><ul><li style=\"font-weight: 400;\" aria-level=\"1\"><span style=\"font-weight: 400;\">Reparaturen (IPC\/CMM-konform)<\/span><\/li><li style=\"font-weight: 400;\" aria-level=\"1\"><span style=\"font-weight: 400;\">Chemiefreie Reinigung von Oven Inserts<\/span><\/li><li style=\"font-weight: 400;\" aria-level=\"1\"><span style=\"font-weight: 400;\">Abholung &amp; R\u00fccklieferung inklusive<\/span><\/li><li style=\"font-weight: 400;\" aria-level=\"1\"><span style=\"font-weight: 400;\">Reduziertes Rauchrisiko durch proaktive Wartung<\/span><\/li><\/ul>\t\t\t\t\t\t\t\t<\/div>\n\t\t\t\t<\/div>\n\t\t\t\t<div class=\"elementor-element elementor-element-3109ec6 elementor-widget__width-auto elementor-widget elementor-widget-button\" data-id=\"3109ec6\" data-element_type=\"widget\" data-e-type=\"widget\" data-widget_type=\"button.default\">\n\t\t\t\t<div class=\"elementor-widget-container\">\n\t\t\t\t\t\t\t\t\t<div class=\"elementor-button-wrapper\">\n\t\t\t\t\t<a class=\"elementor-button elementor-button-link elementor-size-sm elementor-animation-shrink\" href=\"#contact\">\n\t\t\t\t\t\t<span class=\"elementor-button-content-wrapper\">\n\t\t\t\t\t\t\t\t\t<span class=\"elementor-button-text\">Wartung planen<\/span>\n\t\t\t\t\t<\/span>\n\t\t\t\t\t<\/a>\n\t\t\t\t<\/div>\n\t\t\t\t\t\t\t\t<\/div>\n\t\t\t\t<\/div>\n\t\t\t\t<div class=\"elementor-element elementor-element-bba8f4d elementor-align-right elementor-mobile-align-center elementor-widget elementor-widget-button\" data-id=\"bba8f4d\" data-element_type=\"widget\" data-e-type=\"widget\" data-widget_type=\"button.default\">\n\t\t\t\t<div class=\"elementor-widget-container\">\n\t\t\t\t\t\t\t\t\t<div class=\"elementor-button-wrapper\">\n\t\t\t\t\t<a class=\"elementor-button elementor-button-link elementor-size-sm elementor-animation-shrink\" href=\"https:\/\/stsupplies.nl\/wp-content\/uploads\/2025\/08\/Stellar-product-list-2020-met-foto.pdf\" target=\"_blank\">\n\t\t\t\t\t\t<span class=\"elementor-button-content-wrapper\">\n\t\t\t\t\t\t<span class=\"elementor-button-icon\">\n\t\t\t\t<svg aria-hidden=\"true\" class=\"e-font-icon-svg e-fas-arrow-alt-circle-down\" viewbox=\"0 0 512 512\" xmlns=\"http:\/\/www.w3.org\/2000\/svg\"><path d=\"M504 256c0 137-111 248-248 248S8 393 8 256 119 8 256 8s248 111 248 248zM212 140v116h-70.9c-10.7 0-16.1 13-8.5 20.5l114.9 114.3c4.7 4.7 12.2 4.7 16.9 0l114.9-114.3c7.6-7.6 2.2-20.5-8.5-20.5H300V140c0-6.6-5.4-12-12-12h-64c-6.6 0-12 5.4-12 12z\"><\/path><\/svg>\t\t\t<\/span>\n\t\t\t\t\t\t\t\t\t<span class=\"elementor-button-text\">Brosch\u00fcre herunterladen<\/span>\n\t\t\t\t\t<\/span>\n\t\t\t\t\t<\/a>\n\t\t\t\t<\/div>\n\t\t\t\t\t\t\t\t<\/div>\n\t\t\t\t<\/div>\n\t\t\t\t<\/div>\n\t\t\t\t\t<\/div>\n\t\t\t\t<\/div>\n\t\t<div class=\"elementor-element elementor-element-84da1df e-flex e-con-boxed e-con e-parent\" data-id=\"84da1df\" data-element_type=\"container\" data-e-type=\"container\">\n\t\t\t\t\t<div class=\"e-con-inner\">\n\t\t\t\t<div class=\"elementor-element elementor-element-1bf6e54 elementor-widget elementor-widget-spacer\" data-id=\"1bf6e54\" data-element_type=\"widget\" data-e-type=\"widget\" data-widget_type=\"spacer.default\">\n\t\t\t\t<div class=\"elementor-widget-container\">\n\t\t\t\t\t\t\t<div class=\"elementor-spacer\">\n\t\t\t<div class=\"elementor-spacer-inner\"><\/div>\n\t\t<\/div>\n\t\t\t\t\t\t<\/div>\n\t\t\t\t<\/div>\n\t\t\t\t\t<\/div>\n\t\t\t\t<\/div>\n\t\t<div class=\"elementor-element elementor-element-8bb6566 e-flex e-con-boxed e-con e-parent\" data-id=\"8bb6566\" data-element_type=\"container\" data-e-type=\"container\">\n\t\t\t\t\t<div class=\"e-con-inner\">\n\t\t<div class=\"elementor-element elementor-element-07e9b43 e-grid e-con-full e-con e-child\" data-id=\"07e9b43\" data-element_type=\"container\" data-e-type=\"container\">\n\t\t\t\t<div class=\"elementor-element elementor-element-9ed03a2 elementor-cta--skin-cover elementor-cta--valign-bottom elementor-bg-transform elementor-bg-transform-zoom-in elementor-widget elementor-widget-call-to-action\" data-id=\"9ed03a2\" data-element_type=\"widget\" data-e-type=\"widget\" data-widget_type=\"call-to-action.default\">\n\t\t\t\t<div class=\"elementor-widget-container\">\n\t\t\t\t\t\t\t<a class=\"elementor-cta\" href=\"https:\/\/stsupplies.nl\/de\/products\/comfort-items\/\">\n\t\t\t\t\t<div class=\"elementor-cta__bg-wrapper\">\n\t\t\t\t<div class=\"elementor-cta__bg elementor-bg\" style=\"background-image: url(https:\/\/stsupplies.nl\/wp-content\/uploads\/2025\/08\/DSCF6656-683x1024.jpg);\" role=\"img\" aria-label=\"DSCF6656\"><\/div>\n\t\t\t\t<div class=\"elementor-cta__bg-overlay\"><\/div>\n\t\t\t<\/div>\n\t\t\t\t\t\t\t<div class=\"elementor-cta__content\">\n\t\t\t\t\n\t\t\t\t\t\t\t\t\t<h3 class=\"elementor-cta__title elementor-cta__content-item elementor-content-item\">\n\t\t\t\t\t\tKomfortartikel\t\t\t\t\t<\/h3>\n\t\t\t\t\n\t\t\t\t\n\t\t\t\t\t\t\t<\/div>\n\t\t\t\t\t\t<\/a>\n\t\t\t\t\t\t<\/div>\n\t\t\t\t<\/div>\n\t\t\t\t<div class=\"elementor-element elementor-element-5e57258 elementor-cta--skin-cover elementor-cta--valign-bottom elementor-bg-transform elementor-bg-transform-zoom-in elementor-widget elementor-widget-call-to-action\" data-id=\"5e57258\" data-element_type=\"widget\" data-e-type=\"widget\" data-widget_type=\"call-to-action.default\">\n\t\t\t\t<div class=\"elementor-widget-container\">\n\t\t\t\t\t\t\t<a class=\"elementor-cta\" href=\"https:\/\/stsupplies.nl\/de\/products\/serving-items\/\">\n\t\t\t\t\t<div class=\"elementor-cta__bg-wrapper\">\n\t\t\t\t<div class=\"elementor-cta__bg elementor-bg\" style=\"background-image: url(https:\/\/stsupplies.nl\/wp-content\/uploads\/2025\/08\/DSCF6636-1024x683.jpg);\" role=\"img\" aria-label=\"DSCF6636\"><\/div>\n\t\t\t\t<div class=\"elementor-cta__bg-overlay\"><\/div>\n\t\t\t<\/div>\n\t\t\t\t\t\t\t<div class=\"elementor-cta__content\">\n\t\t\t\t\n\t\t\t\t\t\t\t\t\t<h3 class=\"elementor-cta__title elementor-cta__content-item elementor-content-item\">\n\t\t\t\t\t\tServing items\t\t\t\t\t<\/h3>\n\t\t\t\t\n\t\t\t\t\n\t\t\t\t\t\t\t<\/div>\n\t\t\t\t\t\t<\/a>\n\t\t\t\t\t\t<\/div>\n\t\t\t\t<\/div>\n\t\t\t\t<div class=\"elementor-element elementor-element-20f65dc elementor-cta--skin-cover elementor-cta--valign-bottom elementor-bg-transform elementor-bg-transform-zoom-in elementor-widget elementor-widget-call-to-action\" data-id=\"20f65dc\" data-element_type=\"widget\" data-e-type=\"widget\" data-widget_type=\"call-to-action.default\">\n\t\t\t\t<div class=\"elementor-widget-container\">\n\t\t\t\t\t\t\t<a class=\"elementor-cta\" href=\"https:\/\/stsupplies.nl\/de\/products\/galley-equipment-sales-rental\/\">\n\t\t\t\t\t<div class=\"elementor-cta__bg-wrapper\">\n\t\t\t\t<div class=\"elementor-cta__bg elementor-bg\" style=\"background-image: url(https:\/\/stsupplies.nl\/wp-content\/uploads\/2025\/08\/DSCF6693-683x1024.jpg);\" role=\"img\" aria-label=\"DSCF6693\"><\/div>\n\t\t\t\t<div class=\"elementor-cta__bg-overlay\"><\/div>\n\t\t\t<\/div>\n\t\t\t\t\t\t\t<div class=\"elementor-cta__content\">\n\t\t\t\t\n\t\t\t\t\t\t\t\t\t<h3 class=\"elementor-cta__title elementor-cta__content-item elementor-content-item\">\n\t\t\t\t\t\tGalley-Equipment\t\t\t\t\t<\/h3>\n\t\t\t\t\n\t\t\t\t\n\t\t\t\t\t\t\t<\/div>\n\t\t\t\t\t\t<\/a>\n\t\t\t\t\t\t<\/div>\n\t\t\t\t<\/div>\n\t\t\t\t<div class=\"elementor-element elementor-element-9ea461a elementor-cta--skin-cover elementor-cta--valign-bottom elementor-bg-transform elementor-bg-transform-zoom-in elementor-widget elementor-widget-call-to-action\" data-id=\"9ea461a\" data-element_type=\"widget\" data-e-type=\"widget\" data-widget_type=\"call-to-action.default\">\n\t\t\t\t<div class=\"elementor-widget-container\">\n\t\t\t\t\t\t\t<a class=\"elementor-cta\" href=\"https:\/\/stsupplies.nl\/de\/products\/meal-service-products\/\">\n\t\t\t\t\t<div class=\"elementor-cta__bg-wrapper\">\n\t\t\t\t<div class=\"elementor-cta__bg elementor-bg\" style=\"background-image: url(https:\/\/stsupplies.nl\/wp-content\/uploads\/2025\/08\/DSCF6594-683x1024.jpg);\" role=\"img\" aria-label=\"DSCF6594\"><\/div>\n\t\t\t\t<div class=\"elementor-cta__bg-overlay\"><\/div>\n\t\t\t<\/div>\n\t\t\t\t\t\t\t<div class=\"elementor-cta__content\">\n\t\t\t\t\n\t\t\t\t\t\t\t\t\t<h3 class=\"elementor-cta__title elementor-cta__content-item elementor-content-item\">\n\t\t\t\t\t\tMeal-Service-Produkte\t\t\t\t\t<\/h3>\n\t\t\t\t\n\t\t\t\t\n\t\t\t\t\t\t\t<\/div>\n\t\t\t\t\t\t<\/a>\n\t\t\t\t\t\t<\/div>\n\t\t\t\t<\/div>\n\t\t\t\t<div class=\"elementor-element elementor-element-18690a1 elementor-cta--skin-cover elementor-cta--valign-bottom elementor-bg-transform elementor-bg-transform-zoom-in elementor-widget elementor-widget-call-to-action\" data-id=\"18690a1\" data-element_type=\"widget\" data-e-type=\"widget\" data-widget_type=\"call-to-action.default\">\n\t\t\t\t<div class=\"elementor-widget-container\">\n\t\t\t\t\t\t\t<a class=\"elementor-cta\" href=\"https:\/\/stsupplies.nl\/de\/products\/atlas-drawers\/\">\n\t\t\t\t\t<div class=\"elementor-cta__bg-wrapper\">\n\t\t\t\t<div class=\"elementor-cta__bg elementor-bg\" style=\"background-image: url(https:\/\/stsupplies.nl\/wp-content\/uploads\/2026\/04\/BB-Inflight-Produkte-Schublade-1-Kopie.jpg);\" role=\"img\" aria-label=\"BB-Inflight Produkte Schublade 1 Kopie\"><\/div>\n\t\t\t\t<div class=\"elementor-cta__bg-overlay\"><\/div>\n\t\t\t<\/div>\n\t\t\t\t\t\t\t<div class=\"elementor-cta__content\">\n\t\t\t\t\n\t\t\t\t\t\t\t\t\t<h3 class=\"elementor-cta__title elementor-cta__content-item elementor-content-item\">\n\t\t\t\t\t\tAtlas-Schubladen\t\t\t\t\t<\/h3>\n\t\t\t\t\n\t\t\t\t\n\t\t\t\t\t\t\t<\/div>\n\t\t\t\t\t\t<\/a>\n\t\t\t\t\t\t<\/div>\n\t\t\t\t<\/div>\n\t\t\t\t<\/div>\n\t\t\t\t\t<\/div>\n\t\t\t\t<\/div>\n\t\t<div class=\"elementor-element elementor-element-b6c06c1 e-flex e-con-boxed e-con e-parent\" data-id=\"b6c06c1\" data-element_type=\"container\" data-e-type=\"container\">\n\t\t\t\t\t<div class=\"e-con-inner\">\n\t\t\t\t<div class=\"elementor-element elementor-element-87ca5e8 elementor-widget elementor-widget-spacer\" data-id=\"87ca5e8\" data-element_type=\"widget\" data-e-type=\"widget\" data-widget_type=\"spacer.default\">\n\t\t\t\t<div class=\"elementor-widget-container\">\n\t\t\t\t\t\t\t<div class=\"elementor-spacer\">\n\t\t\t<div class=\"elementor-spacer-inner\"><\/div>\n\t\t<\/div>\n\t\t\t\t\t\t<\/div>\n\t\t\t\t<\/div>\n\t\t\t\t\t<\/div>\n\t\t\t\t<\/div>\n\t\t\t\t<\/div>","protected":false},"excerpt":{"rendered":"<p>Before After Maintenance Galley and trolley repair Professional maintenance and repair keep trolleys and containers in service longer and fully compliant with OEM specifications. From minor fixes to complete refurbishments: reliable, efficient, and with transparent logistics. This way your inflight equipment stays in top condition without unnecessary downtime or extra costs. Deep cleaning For containers, [&hellip;]<\/p>\n","protected":false},"author":1,"featured_media":0,"parent":125,"menu_order":0,"comment_status":"closed","ping_status":"closed","template":"","meta":{"footnotes":""},"class_list":["post-230","page","type-page","status-publish","hentry"],"yoast_head":"<!-- This site is optimized with the Yoast SEO plugin v27.4 - https:\/\/yoast.com\/product\/yoast-seo-wordpress\/ -->\n<title>Maintenance &amp; deep cleaning - Stellar Travel Supplies<\/title>\n<meta name=\"robots\" content=\"index, follow, max-snippet:-1, max-image-preview:large, max-video-preview:-1\" \/>\n<link rel=\"canonical\" href=\"https:\/\/stsupplies.nl\/de\/products\/maintenance-deep-cleaning\/\" \/>\n<meta property=\"og:locale\" content=\"de_DE\" \/>\n<meta property=\"og:type\" content=\"article\" \/>\n<meta property=\"og:title\" content=\"Maintenance &amp; deep cleaning - Stellar Travel Supplies\" \/>\n<meta property=\"og:description\" content=\"Before After Maintenance Galley and trolley repair Professional maintenance and repair keep trolleys and containers in service longer and fully compliant with OEM specifications. From minor fixes to complete refurbishments: reliable, efficient, and with transparent logistics. This way your inflight equipment stays in top condition without unnecessary downtime or extra costs. Deep cleaning For containers, [&hellip;]\" \/>\n<meta property=\"og:url\" content=\"https:\/\/stsupplies.nl\/de\/products\/maintenance-deep-cleaning\/\" \/>\n<meta property=\"og:site_name\" content=\"Stellar Travel Supplies\" \/>\n<meta property=\"article:modified_time\" content=\"2026-04-07T08:18:12+00:00\" \/>\n<meta name=\"twitter:card\" content=\"summary_large_image\" \/>\n<meta name=\"twitter:label1\" content=\"Gesch\u00e4tzte Lesezeit\" \/>\n\t<meta name=\"twitter:data1\" content=\"1\u00a0Minute\" \/>\n<script type=\"application\/ld+json\" class=\"yoast-schema-graph\">{\"@context\":\"https:\\\/\\\/schema.org\",\"@graph\":[{\"@type\":\"WebPage\",\"@id\":\"https:\\\/\\\/stsupplies.nl\\\/products\\\/maintenance-deep-cleaning\\\/\",\"url\":\"https:\\\/\\\/stsupplies.nl\\\/products\\\/maintenance-deep-cleaning\\\/\",\"name\":\"Maintenance & deep cleaning - Stellar Travel Supplies\",\"isPartOf\":{\"@id\":\"https:\\\/\\\/stsupplies.nl\\\/#website\"},\"datePublished\":\"2025-08-13T13:14:24+00:00\",\"dateModified\":\"2026-04-07T08:18:12+00:00\",\"breadcrumb\":{\"@id\":\"https:\\\/\\\/stsupplies.nl\\\/products\\\/maintenance-deep-cleaning\\\/#breadcrumb\"},\"inLanguage\":\"de\",\"potentialAction\":[{\"@type\":\"ReadAction\",\"target\":[\"https:\\\/\\\/stsupplies.nl\\\/products\\\/maintenance-deep-cleaning\\\/\"]}]},{\"@type\":\"BreadcrumbList\",\"@id\":\"https:\\\/\\\/stsupplies.nl\\\/products\\\/maintenance-deep-cleaning\\\/#breadcrumb\",\"itemListElement\":[{\"@type\":\"ListItem\",\"position\":1,\"name\":\"Home\",\"item\":\"https:\\\/\\\/stsupplies.nl\\\/\"},{\"@type\":\"ListItem\",\"position\":2,\"name\":\"Products\",\"item\":\"https:\\\/\\\/stsupplies.nl\\\/products\\\/\"},{\"@type\":\"ListItem\",\"position\":3,\"name\":\"Maintenance &#038; deep cleaning\"}]},{\"@type\":\"WebSite\",\"@id\":\"https:\\\/\\\/stsupplies.nl\\\/#website\",\"url\":\"https:\\\/\\\/stsupplies.nl\\\/\",\"name\":\"Stellar Travel Supplies\",\"description\":\"High quality inflight products\",\"publisher\":{\"@id\":\"https:\\\/\\\/stsupplies.nl\\\/#organization\"},\"potentialAction\":[{\"@type\":\"SearchAction\",\"target\":{\"@type\":\"EntryPoint\",\"urlTemplate\":\"https:\\\/\\\/stsupplies.nl\\\/?s={search_term_string}\"},\"query-input\":{\"@type\":\"PropertyValueSpecification\",\"valueRequired\":true,\"valueName\":\"search_term_string\"}}],\"inLanguage\":\"de\"},{\"@type\":\"Organization\",\"@id\":\"https:\\\/\\\/stsupplies.nl\\\/#organization\",\"name\":\"Stellar Travel Supplies\",\"url\":\"https:\\\/\\\/stsupplies.nl\\\/\",\"logo\":{\"@type\":\"ImageObject\",\"inLanguage\":\"de\",\"@id\":\"https:\\\/\\\/stsupplies.nl\\\/#\\\/schema\\\/logo\\\/image\\\/\",\"url\":\"https:\\\/\\\/stsupplies.nl\\\/wp-content\\\/uploads\\\/2025\\\/08\\\/logo-color.png\",\"contentUrl\":\"https:\\\/\\\/stsupplies.nl\\\/wp-content\\\/uploads\\\/2025\\\/08\\\/logo-color.png\",\"width\":356,\"height\":262,\"caption\":\"Stellar Travel Supplies\"},\"image\":{\"@id\":\"https:\\\/\\\/stsupplies.nl\\\/#\\\/schema\\\/logo\\\/image\\\/\"},\"sameAs\":[\"https:\\\/\\\/www.linkedin.com\\\/company\\\/stellar-travel-supplies-b-v-\\\/\"]}]}<\/script>\n<!-- \/ Yoast SEO plugin. -->","yoast_head_json":{"title":"Maintenance & deep cleaning - Stellar Travel Supplies","robots":{"index":"index","follow":"follow","max-snippet":"max-snippet:-1","max-image-preview":"max-image-preview:large","max-video-preview":"max-video-preview:-1"},"canonical":"https:\/\/stsupplies.nl\/de\/products\/maintenance-deep-cleaning\/","og_locale":"de_DE","og_type":"article","og_title":"Maintenance & deep cleaning - Stellar Travel Supplies","og_description":"Before After Maintenance Galley and trolley repair Professional maintenance and repair keep trolleys and containers in service longer and fully compliant with OEM specifications. From minor fixes to complete refurbishments: reliable, efficient, and with transparent logistics. This way your inflight equipment stays in top condition without unnecessary downtime or extra costs. Deep cleaning For containers, [&hellip;]","og_url":"https:\/\/stsupplies.nl\/de\/products\/maintenance-deep-cleaning\/","og_site_name":"Stellar Travel Supplies","article_modified_time":"2026-04-07T08:18:12+00:00","twitter_card":"summary_large_image","twitter_misc":{"Gesch\u00e4tzte Lesezeit":"1\u00a0Minute"},"schema":{"@context":"https:\/\/schema.org","@graph":[{"@type":"WebPage","@id":"https:\/\/stsupplies.nl\/products\/maintenance-deep-cleaning\/","url":"https:\/\/stsupplies.nl\/products\/maintenance-deep-cleaning\/","name":"Maintenance & deep cleaning - Stellar Travel Supplies","isPartOf":{"@id":"https:\/\/stsupplies.nl\/#website"},"datePublished":"2025-08-13T13:14:24+00:00","dateModified":"2026-04-07T08:18:12+00:00","breadcrumb":{"@id":"https:\/\/stsupplies.nl\/products\/maintenance-deep-cleaning\/#breadcrumb"},"inLanguage":"de","potentialAction":[{"@type":"ReadAction","target":["https:\/\/stsupplies.nl\/products\/maintenance-deep-cleaning\/"]}]},{"@type":"BreadcrumbList","@id":"https:\/\/stsupplies.nl\/products\/maintenance-deep-cleaning\/#breadcrumb","itemListElement":[{"@type":"ListItem","position":1,"name":"Home","item":"https:\/\/stsupplies.nl\/"},{"@type":"ListItem","position":2,"name":"Products","item":"https:\/\/stsupplies.nl\/products\/"},{"@type":"ListItem","position":3,"name":"Maintenance &#038; deep cleaning"}]},{"@type":"WebSite","@id":"https:\/\/stsupplies.nl\/#website","url":"https:\/\/stsupplies.nl\/","name":"Stellar Travel Supplies","description":"High quality inflight products","publisher":{"@id":"https:\/\/stsupplies.nl\/#organization"},"potentialAction":[{"@type":"SearchAction","target":{"@type":"EntryPoint","urlTemplate":"https:\/\/stsupplies.nl\/?s={search_term_string}"},"query-input":{"@type":"PropertyValueSpecification","valueRequired":true,"valueName":"search_term_string"}}],"inLanguage":"de"},{"@type":"Organization","@id":"https:\/\/stsupplies.nl\/#organization","name":"Stellar Travel Supplies","url":"https:\/\/stsupplies.nl\/","logo":{"@type":"ImageObject","inLanguage":"de","@id":"https:\/\/stsupplies.nl\/#\/schema\/logo\/image\/","url":"https:\/\/stsupplies.nl\/wp-content\/uploads\/2025\/08\/logo-color.png","contentUrl":"https:\/\/stsupplies.nl\/wp-content\/uploads\/2025\/08\/logo-color.png","width":356,"height":262,"caption":"Stellar Travel Supplies"},"image":{"@id":"https:\/\/stsupplies.nl\/#\/schema\/logo\/image\/"},"sameAs":["https:\/\/www.linkedin.com\/company\/stellar-travel-supplies-b-v-\/"]}]}},"_links":{"self":[{"href":"https:\/\/stsupplies.nl\/de\/wp-json\/wp\/v2\/pages\/230","targetHints":{"allow":["GET"]}}],"collection":[{"href":"https:\/\/stsupplies.nl\/de\/wp-json\/wp\/v2\/pages"}],"about":[{"href":"https:\/\/stsupplies.nl\/de\/wp-json\/wp\/v2\/types\/page"}],"author":[{"embeddable":true,"href":"https:\/\/stsupplies.nl\/de\/wp-json\/wp\/v2\/users\/1"}],"replies":[{"embeddable":true,"href":"https:\/\/stsupplies.nl\/de\/wp-json\/wp\/v2\/comments?post=230"}],"version-history":[{"count":25,"href":"https:\/\/stsupplies.nl\/de\/wp-json\/wp\/v2\/pages\/230\/revisions"}],"predecessor-version":[{"id":646,"href":"https:\/\/stsupplies.nl\/de\/wp-json\/wp\/v2\/pages\/230\/revisions\/646"}],"up":[{"embeddable":true,"href":"https:\/\/stsupplies.nl\/de\/wp-json\/wp\/v2\/pages\/125"}],"wp:attachment":[{"href":"https:\/\/stsupplies.nl\/de\/wp-json\/wp\/v2\/media?parent=230"}],"curies":[{"name":"wp","href":"https:\/\/api.w.org\/{rel}","templated":true}]}}